{"id":764,"date":"2021-07-16T14:49:38","date_gmt":"2021-07-16T14:49:38","guid":{"rendered":"https:\/\/mery.es\/?page_id=764"},"modified":"2021-07-22T15:24:48","modified_gmt":"2021-07-22T15:24:48","slug":"accessoires","status":"publish","type":"page","link":"https:\/\/mery.es\/fr\/nos-services\/accessoires\/","title":{"rendered":"Accessoires"},"content":{"rendered":"<h3>Compl\u00e9tez votre kit de nettoyage<\/h3>\n<p>D\u00e9couvrez nos accessoires pour une maison toujours \u00e0 point.<\/p>\n","protected":false},"excerpt":{"rendered":"Compl\u00e9tez votre kit de nettoyage D\u00e9couvrez nos accessoires pour une maison toujours \u00e0 point.","protected":false},"author":1,"featured_media":0,"parent":563,"menu_order":0,"comment_status":"closed","ping_status":"closed","template":"page-interior-slider.php","meta":{"_exactmetrics_skip_tracking":false,"_exactmetrics_sitenote_active":false,"_exactmetrics_sitenote_note":"","_exactmetrics_sitenote_category":0},"_links":{"self":[{"href":"https:\/\/mery.es\/fr\/wp-json\/wp\/v2\/pages\/764"}],"collection":[{"href":"https:\/\/mery.es\/fr\/wp-json\/wp\/v2\/pages"}],"about":[{"href":"https:\/\/mery.es\/fr\/wp-json\/wp\/v2\/types\/page"}],"author":[{"embeddable":true,"href":"https:\/\/mery.es\/fr\/wp-json\/wp\/v2\/users\/1"}],"replies":[{"embeddable":true,"href":"https:\/\/mery.es\/fr\/wp-json\/wp\/v2\/comments?post=764"}],"version-history":[{"count":2,"href":"https:\/\/mery.es\/fr\/wp-json\/wp\/v2\/pages\/764\/revisions"}],"predecessor-version":[{"id":972,"href":"https:\/\/mery.es\/fr\/wp-json\/wp\/v2\/pages\/764\/revisions\/972"}],"up":[{"embeddable":true,"href":"https:\/\/mery.es\/fr\/wp-json\/wp\/v2\/pages\/563"}],"wp:attachment":[{"href":"https:\/\/mery.es\/fr\/wp-json\/wp\/v2\/media?parent=764"}],"curies":[{"name":"wp","href":"https:\/\/api.w.org\/{rel}","templated":true}]}}