{"id":599,"date":"2018-02-16T11:30:14","date_gmt":"2018-02-16T11:30:14","guid":{"rendered":"https:\/\/mery.es\/?page_id=599"},"modified":"2021-07-18T23:28:24","modified_gmt":"2021-07-18T23:28:24","slug":"qui-sommes-nous","status":"publish","type":"page","link":"https:\/\/mery.es\/fr\/qui-sommes-nous\/","title":{"rendered":"Qui sommes-nous"},"content":{"rendered":"<h2 class=\"title\">&nbsp;Nous facilitons le nettoyage m\u00e9nager avec des produits innovants.<\/h2>\n<p>Inventeurs de la serpilli\u00e8re \u00e0 fils torsad\u00e9s \u00ab La Original \u00bb, nous concevons et fabriquons des produits innovants permettant d\u2019am\u00e9liorer et de simplifier le nettoyage de nos maisons depuis plus de 60 ans. Notre vaste gamme de solutions garantit une efficacit\u00e9 maximale et un grand soin apport\u00e9 \u00e0 tous les types de surfaces.<\/p>\n<p>Notre grande exp\u00e9rience et notre connaissance du produit, ainsi que le fait d\u2019avoir mis\u00e9 sur la qualit\u00e9 et la fonctionnalit\u00e9 sans oublier le design, nous permettent de proposer des lignes de produits aussi bien pour la grande consommation que pour le secteur professionnel.<\/p>\n","protected":false},"excerpt":{"rendered":"&nbsp;Nous facilitons le nettoyage m\u00e9nager avec des produits innovants. Inventeurs de la serpilli\u00e8re \u00e0 fils torsad\u00e9s \u00ab La Original \u00bb, nous concevons et fabriquons des produits innovants permettant d\u2019am\u00e9liorer et de simplifier le nettoyage de nos maisons depuis plus de 60 ans. Notre vaste gamme de solutions garantit une efficacit\u00e9 maximale et un grand soin&#8230; ","protected":false},"author":1,"featured_media":0,"parent":0,"menu_order":0,"comment_status":"closed","ping_status":"closed","template":"page-about.php","meta":{"_exactmetrics_skip_tracking":false,"_exactmetrics_sitenote_active":false,"_exactmetrics_sitenote_note":"","_exactmetrics_sitenote_category":0},"_links":{"self":[{"href":"https:\/\/mery.es\/fr\/wp-json\/wp\/v2\/pages\/599"}],"collection":[{"href":"https:\/\/mery.es\/fr\/wp-json\/wp\/v2\/pages"}],"about":[{"href":"https:\/\/mery.es\/fr\/wp-json\/wp\/v2\/types\/page"}],"author":[{"embeddable":true,"href":"https:\/\/mery.es\/fr\/wp-json\/wp\/v2\/users\/1"}],"replies":[{"embeddable":true,"href":"https:\/\/mery.es\/fr\/wp-json\/wp\/v2\/comments?post=599"}],"version-history":[{"count":2,"href":"https:\/\/mery.es\/fr\/wp-json\/wp\/v2\/pages\/599\/revisions"}],"predecessor-version":[{"id":955,"href":"https:\/\/mery.es\/fr\/wp-json\/wp\/v2\/pages\/599\/revisions\/955"}],"wp:attachment":[{"href":"https:\/\/mery.es\/fr\/wp-json\/wp\/v2\/media?parent=599"}],"curies":[{"name":"wp","href":"https:\/\/api.w.org\/{rel}","templated":true}]}}