{"id":591,"date":"2018-02-16T11:22:41","date_gmt":"2018-02-16T11:22:41","guid":{"rendered":"https:\/\/mery.es\/?page_id=591"},"modified":"2021-07-16T14:45:21","modified_gmt":"2021-07-16T14:45:21","slug":"manches","status":"publish","type":"page","link":"https:\/\/mery.es\/fr\/nos-services\/manches\/","title":{"rendered":"Manches"},"content":{"rendered":"<h3>Choisissez le manche le plus adapt\u00e9<\/h3>\n<p>Nos manches s\u2019adaptent \u00e0 tout type de balais et de serpilli\u00e8res et gr\u00e2ce \u00e0 leur vari\u00e9t\u00e9 de pas de vis, de mat\u00e9riaux et de mesures, ils r\u00e9pondent aux besoins de tous les pays.<\/p>\n<p><strong>&nbsp;<\/strong><\/p>\n","protected":false},"excerpt":{"rendered":"Choisissez le manche le plus adapt\u00e9 Nos manches s\u2019adaptent \u00e0 tout type de balais et de serpilli\u00e8res et gr\u00e2ce \u00e0 leur vari\u00e9t\u00e9 de pas de vis, de mat\u00e9riaux et de mesures, ils r\u00e9pondent aux besoins de tous les pays. &nbsp;","protected":false},"author":1,"featured_media":0,"parent":563,"menu_order":0,"comment_status":"closed","ping_status":"closed","template":"page-interior-slider.php","meta":{"_exactmetrics_skip_tracking":false,"_exactmetrics_sitenote_active":false,"_exactmetrics_sitenote_note":"","_exactmetrics_sitenote_category":0},"_links":{"self":[{"href":"https:\/\/mery.es\/fr\/wp-json\/wp\/v2\/pages\/591"}],"collection":[{"href":"https:\/\/mery.es\/fr\/wp-json\/wp\/v2\/pages"}],"about":[{"href":"https:\/\/mery.es\/fr\/wp-json\/wp\/v2\/types\/page"}],"author":[{"embeddable":true,"href":"https:\/\/mery.es\/fr\/wp-json\/wp\/v2\/users\/1"}],"replies":[{"embeddable":true,"href":"https:\/\/mery.es\/fr\/wp-json\/wp\/v2\/comments?post=591"}],"version-history":[{"count":2,"href":"https:\/\/mery.es\/fr\/wp-json\/wp\/v2\/pages\/591\/revisions"}],"predecessor-version":[{"id":948,"href":"https:\/\/mery.es\/fr\/wp-json\/wp\/v2\/pages\/591\/revisions\/948"}],"up":[{"embeddable":true,"href":"https:\/\/mery.es\/fr\/wp-json\/wp\/v2\/pages\/563"}],"wp:attachment":[{"href":"https:\/\/mery.es\/fr\/wp-json\/wp\/v2\/media?parent=591"}],"curies":[{"name":"wp","href":"https:\/\/api.w.org\/{rel}","templated":true}]}}