{"id":587,"date":"2018-02-16T11:19:22","date_gmt":"2018-02-16T11:19:22","guid":{"rendered":"https:\/\/mery.es\/?page_id=587"},"modified":"2021-07-16T14:40:41","modified_gmt":"2021-07-16T14:40:41","slug":"balais-serpillieres","status":"publish","type":"page","link":"https:\/\/mery.es\/fr\/nos-services\/balais-serpillieres\/","title":{"rendered":"Balais serpilli\u00e8res"},"content":{"rendered":"<h3>\u00c9limine la poussi\u00e8re dans tous les recoins<\/h3>\n<p>Ultra l\u00e9gers et \u00e9cologiques, nos balais serpilli\u00e8res en microfibre permettent de nettoyer avec ou sans eau. En outre, gr\u00e2ce \u00e0 leur rotation \u00e0 360\u00b0 et \u00e0 leur manche t\u00e9lescopique, ils permettent d\u2019\u00e9liminer la poussi\u00e8re dans tous les recoins.<\/p>\n","protected":false},"excerpt":{"rendered":"\u00c9limine la poussi\u00e8re dans tous les recoins Ultra l\u00e9gers et \u00e9cologiques, nos balais serpilli\u00e8res en microfibre permettent de nettoyer avec ou sans eau. En outre, gr\u00e2ce \u00e0 leur rotation \u00e0 360\u00b0 et \u00e0 leur manche t\u00e9lescopique, ils permettent d\u2019\u00e9liminer la poussi\u00e8re dans tous les recoins.","protected":false},"author":1,"featured_media":0,"parent":563,"menu_order":0,"comment_status":"closed","ping_status":"closed","template":"page-interior-slider.php","meta":{"_exactmetrics_skip_tracking":false,"_exactmetrics_sitenote_active":false,"_exactmetrics_sitenote_note":"","_exactmetrics_sitenote_category":0},"_links":{"self":[{"href":"https:\/\/mery.es\/fr\/wp-json\/wp\/v2\/pages\/587"}],"collection":[{"href":"https:\/\/mery.es\/fr\/wp-json\/wp\/v2\/pages"}],"about":[{"href":"https:\/\/mery.es\/fr\/wp-json\/wp\/v2\/types\/page"}],"author":[{"embeddable":true,"href":"https:\/\/mery.es\/fr\/wp-json\/wp\/v2\/users\/1"}],"replies":[{"embeddable":true,"href":"https:\/\/mery.es\/fr\/wp-json\/wp\/v2\/comments?post=587"}],"version-history":[{"count":2,"href":"https:\/\/mery.es\/fr\/wp-json\/wp\/v2\/pages\/587\/revisions"}],"predecessor-version":[{"id":696,"href":"https:\/\/mery.es\/fr\/wp-json\/wp\/v2\/pages\/587\/revisions\/696"}],"up":[{"embeddable":true,"href":"https:\/\/mery.es\/fr\/wp-json\/wp\/v2\/pages\/563"}],"wp:attachment":[{"href":"https:\/\/mery.es\/fr\/wp-json\/wp\/v2\/media?parent=587"}],"curies":[{"name":"wp","href":"https:\/\/api.w.org\/{rel}","templated":true}]}}