{"id":581,"date":"2018-02-16T11:12:44","date_gmt":"2018-02-16T11:12:44","guid":{"rendered":"https:\/\/mery.es\/?page_id=581"},"modified":"2021-07-16T14:39:07","modified_gmt":"2021-07-16T14:39:07","slug":"balais-a-franges","status":"publish","type":"page","link":"https:\/\/mery.es\/fr\/nos-services\/balais-a-franges\/","title":{"rendered":"Balais \u00e0 franges"},"content":{"rendered":"<h3>Lave sans laisser de trace<\/h3>\n<p>Avec une conception unique sur le march\u00e9, les serpilli\u00e8res de Mery sont fabriqu\u00e9es en croix et en microfibres, sont superabsorbantes et dot\u00e9es d\u2019un embout extra-large, et ne laissent aucune trace.<\/p>\n<p>&nbsp;<\/p>\n","protected":false},"excerpt":{"rendered":"Lave sans laisser de trace Avec une conception unique sur le march\u00e9, les serpilli\u00e8res de Mery sont fabriqu\u00e9es en croix et en microfibres, sont superabsorbantes et dot\u00e9es d\u2019un embout extra-large, et ne laissent aucune trace. &nbsp;","protected":false},"author":1,"featured_media":0,"parent":563,"menu_order":0,"comment_status":"closed","ping_status":"closed","template":"page-interior-slider.php","meta":{"_exactmetrics_skip_tracking":false,"_exactmetrics_sitenote_active":false,"_exactmetrics_sitenote_note":"","_exactmetrics_sitenote_category":0},"_links":{"self":[{"href":"https:\/\/mery.es\/fr\/wp-json\/wp\/v2\/pages\/581"}],"collection":[{"href":"https:\/\/mery.es\/fr\/wp-json\/wp\/v2\/pages"}],"about":[{"href":"https:\/\/mery.es\/fr\/wp-json\/wp\/v2\/types\/page"}],"author":[{"embeddable":true,"href":"https:\/\/mery.es\/fr\/wp-json\/wp\/v2\/users\/1"}],"replies":[{"embeddable":true,"href":"https:\/\/mery.es\/fr\/wp-json\/wp\/v2\/comments?post=581"}],"version-history":[{"count":1,"href":"https:\/\/mery.es\/fr\/wp-json\/wp\/v2\/pages\/581\/revisions"}],"predecessor-version":[{"id":582,"href":"https:\/\/mery.es\/fr\/wp-json\/wp\/v2\/pages\/581\/revisions\/582"}],"up":[{"embeddable":true,"href":"https:\/\/mery.es\/fr\/wp-json\/wp\/v2\/pages\/563"}],"wp:attachment":[{"href":"https:\/\/mery.es\/fr\/wp-json\/wp\/v2\/media?parent=581"}],"curies":[{"name":"wp","href":"https:\/\/api.w.org\/{rel}","templated":true}]}}