{"id":576,"date":"2018-02-16T11:04:30","date_gmt":"2018-02-16T11:04:30","guid":{"rendered":"https:\/\/mery.es\/?page_id=576"},"modified":"2021-07-16T14:41:40","modified_gmt":"2021-07-16T14:41:40","slug":"balais","status":"publish","type":"page","link":"https:\/\/mery.es\/fr\/nos-services\/balais\/","title":{"rendered":"Balais"},"content":{"rendered":"<h3>Balaie tous les sols sans soulever la poussi\u00e8re.<\/h3>\n<p>R\u00e9sistants et l\u00e9gers, antichocs et doux, pour int\u00e9rieurs ou ext\u00e9rieurs. Nous proposons des balais permettant de nettoyer tout type de sol sans soulever la poussi\u00e8re : d\u00e9licats, c\u00e9ramique, parquet, etc.<\/p>\n","protected":false},"excerpt":{"rendered":"Balaie tous les sols sans soulever la poussi\u00e8re. R\u00e9sistants et l\u00e9gers, antichocs et doux, pour int\u00e9rieurs ou ext\u00e9rieurs. Nous proposons des balais permettant de nettoyer tout type de sol sans soulever la poussi\u00e8re : d\u00e9licats, c\u00e9ramique, parquet, etc.","protected":false},"author":1,"featured_media":0,"parent":563,"menu_order":0,"comment_status":"closed","ping_status":"closed","template":"page-interior-slider.php","meta":{"_exactmetrics_skip_tracking":false,"_exactmetrics_sitenote_active":false,"_exactmetrics_sitenote_note":"","_exactmetrics_sitenote_category":0},"_links":{"self":[{"href":"https:\/\/mery.es\/fr\/wp-json\/wp\/v2\/pages\/576"}],"collection":[{"href":"https:\/\/mery.es\/fr\/wp-json\/wp\/v2\/pages"}],"about":[{"href":"https:\/\/mery.es\/fr\/wp-json\/wp\/v2\/types\/page"}],"author":[{"embeddable":true,"href":"https:\/\/mery.es\/fr\/wp-json\/wp\/v2\/users\/1"}],"replies":[{"embeddable":true,"href":"https:\/\/mery.es\/fr\/wp-json\/wp\/v2\/comments?post=576"}],"version-history":[{"count":1,"href":"https:\/\/mery.es\/fr\/wp-json\/wp\/v2\/pages\/576\/revisions"}],"predecessor-version":[{"id":577,"href":"https:\/\/mery.es\/fr\/wp-json\/wp\/v2\/pages\/576\/revisions\/577"}],"up":[{"embeddable":true,"href":"https:\/\/mery.es\/fr\/wp-json\/wp\/v2\/pages\/563"}],"wp:attachment":[{"href":"https:\/\/mery.es\/fr\/wp-json\/wp\/v2\/media?parent=576"}],"curies":[{"name":"wp","href":"https:\/\/api.w.org\/{rel}","templated":true}]}}