{"id":572,"date":"2018-02-16T09:01:02","date_gmt":"2018-02-16T09:01:02","guid":{"rendered":"https:\/\/mery.es\/?page_id=572"},"modified":"2021-07-16T14:37:45","modified_gmt":"2021-07-16T14:37:45","slug":"seaux","status":"publish","type":"page","link":"https:\/\/mery.es\/fr\/nos-services\/seaux\/","title":{"rendered":"Seaux"},"content":{"rendered":"<h3 class=\"subtitle\">S\u2019essore sans effort<\/h3>\n<p>Dot\u00e9 d\u2019une essoreuse automatique, de roues et d\u2019un seau multiusages ou d\u2019une double essoreuse \u00e9cologique. Notre gamme de seaux r\u00e9pond \u00e0 tous les besoins et \u00e0 tous les go\u00fbts.<\/p>\n<p>&nbsp;<\/p>\n","protected":false},"excerpt":{"rendered":"S\u2019essore sans effort Dot\u00e9 d\u2019une essoreuse automatique, de roues et d\u2019un seau multiusages ou d\u2019une double essoreuse \u00e9cologique. Notre gamme de seaux r\u00e9pond \u00e0 tous les besoins et \u00e0 tous les go\u00fbts. &nbsp;","protected":false},"author":1,"featured_media":0,"parent":563,"menu_order":0,"comment_status":"closed","ping_status":"closed","template":"page-interior-slider.php","meta":{"_exactmetrics_skip_tracking":false,"_exactmetrics_sitenote_active":false,"_exactmetrics_sitenote_note":"","_exactmetrics_sitenote_category":0},"_links":{"self":[{"href":"https:\/\/mery.es\/fr\/wp-json\/wp\/v2\/pages\/572"}],"collection":[{"href":"https:\/\/mery.es\/fr\/wp-json\/wp\/v2\/pages"}],"about":[{"href":"https:\/\/mery.es\/fr\/wp-json\/wp\/v2\/types\/page"}],"author":[{"embeddable":true,"href":"https:\/\/mery.es\/fr\/wp-json\/wp\/v2\/users\/1"}],"replies":[{"embeddable":true,"href":"https:\/\/mery.es\/fr\/wp-json\/wp\/v2\/comments?post=572"}],"version-history":[{"count":2,"href":"https:\/\/mery.es\/fr\/wp-json\/wp\/v2\/pages\/572\/revisions"}],"predecessor-version":[{"id":695,"href":"https:\/\/mery.es\/fr\/wp-json\/wp\/v2\/pages\/572\/revisions\/695"}],"up":[{"embeddable":true,"href":"https:\/\/mery.es\/fr\/wp-json\/wp\/v2\/pages\/563"}],"wp:attachment":[{"href":"https:\/\/mery.es\/fr\/wp-json\/wp\/v2\/media?parent=572"}],"curies":[{"name":"wp","href":"https:\/\/api.w.org\/{rel}","templated":true}]}}