{"id":567,"date":"2018-02-16T08:51:02","date_gmt":"2018-02-16T08:51:02","guid":{"rendered":"https:\/\/mery.es\/?page_id=567"},"modified":"2021-07-16T14:46:00","modified_gmt":"2021-07-16T14:46:00","slug":"eponges-et-tampons-recurer","status":"publish","type":"page","link":"https:\/\/mery.es\/fr\/nos-services\/eponges-et-tampons-recurer\/","title":{"rendered":"\u00c9ponges et tampons \u00e0 r\u00e9curer"},"content":{"rendered":"<h3>Nettoient tous types de surfaces<\/h3>\n<p>Nos diff\u00e9rents chiffons en microfibres et \u00e0 usages multiples sont ultra r\u00e9sistants, notamment \u00e0 l\u2019eau de Javel, peuvent \u00eatre lav\u00e9s en machine et s\u00e8chent beaucoup plus vite.<\/p>\n","protected":false},"excerpt":{"rendered":"Nettoient tous types de surfaces Nos diff\u00e9rents chiffons en microfibres et \u00e0 usages multiples sont ultra r\u00e9sistants, notamment \u00e0 l\u2019eau de Javel, peuvent \u00eatre lav\u00e9s en machine et s\u00e8chent beaucoup plus vite.","protected":false},"author":1,"featured_media":0,"parent":563,"menu_order":0,"comment_status":"closed","ping_status":"closed","template":"page-interior-slider.php","meta":{"_exactmetrics_skip_tracking":false,"_exactmetrics_sitenote_active":false,"_exactmetrics_sitenote_note":"","_exactmetrics_sitenote_category":0},"_links":{"self":[{"href":"https:\/\/mery.es\/fr\/wp-json\/wp\/v2\/pages\/567"}],"collection":[{"href":"https:\/\/mery.es\/fr\/wp-json\/wp\/v2\/pages"}],"about":[{"href":"https:\/\/mery.es\/fr\/wp-json\/wp\/v2\/types\/page"}],"author":[{"embeddable":true,"href":"https:\/\/mery.es\/fr\/wp-json\/wp\/v2\/users\/1"}],"replies":[{"embeddable":true,"href":"https:\/\/mery.es\/fr\/wp-json\/wp\/v2\/comments?post=567"}],"version-history":[{"count":1,"href":"https:\/\/mery.es\/fr\/wp-json\/wp\/v2\/pages\/567\/revisions"}],"predecessor-version":[{"id":568,"href":"https:\/\/mery.es\/fr\/wp-json\/wp\/v2\/pages\/567\/revisions\/568"}],"up":[{"embeddable":true,"href":"https:\/\/mery.es\/fr\/wp-json\/wp\/v2\/pages\/563"}],"wp:attachment":[{"href":"https:\/\/mery.es\/fr\/wp-json\/wp\/v2\/media?parent=567"}],"curies":[{"name":"wp","href":"https:\/\/api.w.org\/{rel}","templated":true}]}}