{"id":553,"date":"2018-02-16T08:34:05","date_gmt":"2018-02-16T08:34:05","guid":{"rendered":"https:\/\/mery.es\/?page_id=553"},"modified":"2021-07-28T10:45:25","modified_gmt":"2021-07-28T10:45:25","slug":"politique-de-confidentialite","status":"publish","type":"page","link":"https:\/\/mery.es\/fr\/politique-de-confidentialite\/","title":{"rendered":"Politique de confidentialit\u00e9"},"content":{"rendered":"<p><strong>RESPONSABLE DU TRAITEMENT<\/strong><\/p>\n<p><strong>Identit\u00e9 : MERY PRODUCTS, S. L.<\/strong>\u00a0(d\u00e9nomm\u00e9 \u00e9galement le Prestataire)<br \/>\n<strong>SIRET n\u00ba :<\/strong>\u00a0B08406654<br \/>\n<strong>Adresse postale :<\/strong>\u00a0Avda. Bertr\u00e1n i G\u00fcell, 41-51, 08850 Gav\u00e1, (Barcelone)<br \/>\n<strong>Courrier \u00e9lectronique :<\/strong> mery@mery.es<br \/>\n<strong>D\u00e9l\u00e9gu\u00e9 de Protection des donn\u00e9es :<\/strong>\u00a0Pablo Dom\u00ednguez<br \/>\n<strong>Contact DPD :<\/strong> mery@mery.es<\/p>\n<p><strong>MERY PRODUCTS, S. L.<\/strong>, en tant que responsable du Site web, conform\u00e9ment aux dispositions du R\u00e8glement (UE) 2016\/679 du 27 avril 2016 (RGPD) relatif \u00e0 la protection des personnes physiques en mati\u00e8re du traitement des donn\u00e9es personnelles et \u00e0 la libre circulation de ces donn\u00e9es et autre r\u00e9glementation en vigueur en mati\u00e8re de protection des donn\u00e9es personnelles, et \u00e0 celles de la Loi 34\/2002, du 11 juillet 2002, sur les Services de la Soci\u00e9t\u00e9 de l\u2019information et du commerce \u00e9lectronique (LSSICE), vous informe que la compagnie a mis en place les mesures de s\u00e9curit\u00e9 n\u00e9cessaires, tant de nature technique qu\u2019organisationnelle, pour garantir et prot\u00e9ger la confidentialit\u00e9, l\u2019int\u00e9grit\u00e9 et la disponibilit\u00e9 des donn\u00e9es saisies.<\/p>\n<p><strong>BUT DU TRAITEMENT<\/strong><\/p>\n<p>Vos donn\u00e9es personnelles ne seront utilis\u00e9es qu\u2019aux fins suivantes :<\/p>\n<p>\u2013 R\u00e9aliser les gestions commerciales et administratives n\u00e9cessaires aupr\u00e8s des utilisateurs du site web ;<\/p>\n<p>\u2013 Remettre les communications commerciales publicitaires par courriel, fax, SMS, MMS, communaut\u00e9s sociales ou tout autre moyen \u00e9lectronique ou physique, si l\u2019Utilisateur a donn\u00e9 son consentement expr\u00e8s \u00e0 l\u2019envoi de communications commerciales par voie \u00e9lectronique gr\u00e2ce \u00e0 la souscription de la NEWSLETTER;<\/p>\n<p>\u2013 R\u00e9pondre aux consultations et\/ou fournir des renseignements requis par l\u2019Utilisateur ;<\/p>\n<p>\u2013 R\u00e9aliser les prestations de services et\/ou produits dont le contrat a \u00e9t\u00e9 pass\u00e9 ou souscrit par l\u2019Utilisateur,<\/p>\n<p>\u2013 Utiliser vos donn\u00e9es pour vous contacter, aussi bien par voie \u00e9lectronique que non \u00e9lectronique, afin d\u2019obtenir votre opinion sur le service fourni et,<\/p>\n<p>\u2013 Vous notifier les modifications et d\u00e9veloppements importants de la politique de confidentialit\u00e9, des mentions l\u00e9gales ou de la politique de cookies.<\/p>\n<p>\u2013 \u00c9laborer des analyses de profils et d\u2019utilisabilit\u00e9.<\/p>\n<p>\u2013 Les donn\u00e9es de clients et\/ou fournisseurs seront trait\u00e9es, dans le cadre de la relation contractuelle qui les lie avec le responsable, dans le respect des obligations administratives, fiscales, comptables et professionnelles qui seront n\u00e9cessaires en vertu de la l\u00e9gislation en vigueur.<\/p>\n<p>Vous pouvez r\u00e9voquer \u00e0 tout moment votre consentement en remettant un \u00e9crit ayant pour objet \u201cD\u00e9sinscription\u201d \u00e0 l\u2019adresse suivante\u00a0:<\/p>\n<p>Conform\u00e9ment \u00e0 la LSSICE, <strong>MERY PRODUCTS, S. L.<\/strong>\u00a0ne r\u00e9alise pas de pratiques de SPAM\u00a0; par cons\u00e9quent, elle n\u2019envoie pas de courriers commerciaux par courriel s\u2019ils n\u2019ont pas \u00e9t\u00e9 demand\u00e9s ou autoris\u00e9s au pr\u00e9alable par l\u2019Utilisateur. En cons\u00e9quence, dans toutes les communications qu\u2019il recevra du Prestataire, l\u2019Utilisateur a la possibilit\u00e9 d\u2019annuler son consentement expr\u00e8s pour recevoir nos communications.<\/p>\n<p>Nous ne traiterons vos donn\u00e9es personnelles \u00e0 aucune fin autre que celles d\u00e9crites ci-dessus, si ce n\u2019est par obligation l\u00e9gale ou sur requ\u00eate judiciaire.<\/p>\n<p><strong>CONSERVATION DE VOS DONN\u00c9ES<\/strong><\/p>\n<p>Vos donn\u00e9es seront conserv\u00e9es tant que durera la relation commerciale avec nous ou jusqu\u2019\u00e0 ce que vous exerciez votre droit d\u2019annulation, opposition ou limitation au traitement. Cependant, nous conserverons certaines donn\u00e9es personnelles d\u2019identification et du trafic pendant un d\u00e9lai maximum de deux ans au cas o\u00f9 elles seraient requises par les Juges ou les Tribunaux et Cours de justice ou afin d\u2019intenter des actions internes d\u00e9rivant de l\u2019utilisation indue du site web.<\/p>\n<p>Vous ne ferez pas l\u2019objet de d\u00e9cisions bas\u00e9es sur des traitements automatis\u00e9s pouvant produire des effets sur vos donn\u00e9es.<\/p>\n<p><strong>L\u00c9GITIMATION DU TRAITEMENT<\/strong><\/p>\n<p>La base l\u00e9gale pour le traitement des donn\u00e9es consiste en votre consentement accord\u00e9 pour mener \u00e0 bien les fins d\u00e9crites pr\u00e9c\u00e9demment\u00a0; ce consentement vous sera demand\u00e9 au moment de cocher la case correspondante lors de la collecte de vos donn\u00e9es.<\/p>\n<p>Le fait de ne pas fournir les donn\u00e9es personnelles demand\u00e9es ou de ne pas accepter la pr\u00e9sente politique de protection des donn\u00e9es implique l\u2019impossibilit\u00e9 de souscrire, s\u2019inscrire ou recevoir des informations sur les produits et les services du Prestataire.<\/p>\n<p>Lorsqu\u2019il existe une relation contractuelle pr\u00e9alable entre les parties, la l\u00e9gitimation pour le d\u00e9roulement des obligations administratives, fiscales, comptables et professionnelles qui seront n\u00e9cessaires en vertu de la l\u00e9gislation en vigueur consistera en l\u2019existence pr\u00e9alable de la relation commerciale \u00e9tablie entre les parties. Lorsqu\u2019il n\u2019existe pas de relation contractuelle pr\u00e9alable entre les parties, la l\u00e9gitimation pour le d\u00e9roulement des obligations administratives, fiscales, comptables et professionnelles qui seront n\u00e9cessaires en vertu de la l\u00e9gislation en vigueur s\u2019av\u00e8re \u00eatre l\u2019existence pr\u00e9alable de la relation commerciale \u00e9tablie entre les parties.<\/p>\n<p><strong>COMMUNICATIONS<\/strong><\/p>\n<p>Toute communication remise sera incorpor\u00e9e aux syst\u00e8mes d\u2019information de MERY PRODUCTS, S. L. En acceptant les pr\u00e9sents termes, conditions et politiques, l\u2019Utilisateur consent express\u00e9ment \u00e0 ce que MERY PRODUCTS, S. L. r\u00e9alise les activit\u00e9s et\/ou actions suivantes, \u00e0 moins que l\u2019Utilisateur indique le contraire :<\/p>\n<ul>\n<li>L\u2019envoi de communications commerciales et\/ou promotionnelles par le biais de tout moyen autoris\u00e9 informant les Utilisateurs sur les activit\u00e9s, services, promotions, publicit\u00e9, nouvelles, offres et autres informations sur les services et les produits li\u00e9s \u00e0 l\u2019activit\u00e9.<\/li>\n<li>Si l\u2019Utilisateur a express\u00e9ment consenti \u00e0 l\u2019envoi de communications commerciales par voie \u00e9lectronique gr\u00e2ce \u00e0 la souscription de la NEWSLETTER, l\u2019envoi desdites communications par le biais de moyens \u00e9lectroniques informant les Utilisateurs des activit\u00e9s, services, promotions, publicit\u00e9, nouvelles, offres et autres informations sur les services et les produits de MERY PRODUCTS, S. L. pareils ou similaires \u00e0 ceux qui ont fait initialement l\u2019objet du contrat ou qui sont susceptibles d\u2019int\u00e9resser l\u2019Utilisateur.<\/li>\n<li>La conservation des donn\u00e9es pendant les d\u00e9lais pr\u00e9vus dans les dispositions applicables.<\/li>\n<\/ul>\n<p><strong>MOYENS OFFICIELS DE COMMUNICATION<\/strong><\/p>\n<p>Nous faisons savoir \u00e0 l\u2019Utilisateur que les moyens mis en place par l\u2019entreprise pour communiquer avec les clients et autres personnes concern\u00e9es sont les suivants\u00a0: le t\u00e9l\u00e9phone d\u2019entreprise, les t\u00e9l\u00e9phones portables d\u2019entreprise et le courrier \u00e9lectronique d\u2019entreprise.<\/p>\n<p>Si vous remettez des informations personnelles \u00e0 travers un moyen de communication autre que ceux indiqu\u00e9s dans ce paragraphe, l\u2019ENTREPRISE d\u00e9cline toute responsabilit\u00e9 en ce qui concerne les mesures de s\u00e9curit\u00e9 dont dispose le moyen en question.<\/p>\n<p><strong>DESTINATAIRES DE CESSIONS OU TRANSFERTS<\/strong><\/p>\n<p>MERY PRODUCTS, S. L. ne r\u00e9alise aucune cession ou communication des donn\u00e9es \u00e0 moins qu\u2019il existe une n\u00e9cessit\u00e9 raisonnable de r\u00e9pondre \u00e0 une proc\u00e9dure judiciaire ou \u00e0 une obligation l\u00e9gale ou \u00e0 moins d\u2019en avoir obtenu au pr\u00e9alable le consentement de l\u2019Utilisateur.<\/p>\n<p>La compagnie ne r\u00e9alisera pas non plus de transferts internationaux de vos donn\u00e9es \u00e0 caract\u00e8re personnel sans votre consentement pr\u00e9alable sans pr\u00e9judice de pouvoir bloquer ou annuler votre compte s\u2019il peut y avoir des indices de la commission d\u2019un quelconque d\u00e9lit de la part de l\u2019Utilisateur. Les informations fournies seront uniquement celles dont dispose \u00e0 ce moment le Prestataire.<\/p>\n<p>MERY PRODUCTS, S. L. ne c\u00e9dera pas les donn\u00e9es collect\u00e9es \u00e0 des tiers, sauf s\u2019il existe une n\u00e9cessit\u00e9 raisonnable de r\u00e9pondre \u00e0 une proc\u00e9dure judiciaire ou \u00e0 une obligation l\u00e9gale ou \u00e0 moins d\u2019en avoir obtenu au pr\u00e9alable le consentement de l\u2019Utilisateur.<\/p>\n<p>Les informations que vous nous fournissez tant par le biais de ce site web qu\u2019\u00e0 travers l\u2019application seront h\u00e9berg\u00e9es sur les serveurs de MERY PRODUCTS, S. L., sous-trait\u00e9s aupr\u00e8s de l\u2019entreprise Soluciones Internet, S.L. (d\u00e9nomm\u00e9e plus loin Soluent) titulaire du SIRET n\u00ba B50736222 et dont le si\u00e8ge fiscal est sis \u00e0 C\/Fernando Molin\u00e9, 40, 50171 La Puebla de Alfid\u00e9n (Zaragoza). Le traitement des donn\u00e9es de ladite compagnie est r\u00e9glement\u00e9 en vertu d\u2019un contrat de responsabilit\u00e9 du traitement entre le Prestataire et l\u2019entreprise en question. En aucun cas, ce responsable du traitement ne sous-traitera de services pouvant impliquer un traitement des donn\u00e9es par des tiers sans avoir obtenu au pr\u00e9alable notre consentement.<\/p>\n<p><strong>DROITS DES PERSONNES CONCERN\u00c9ES<\/strong><\/p>\n<p>En tant qu\u2019utilisateur-personne concern\u00e9e, vous pouvez demander l\u2019exercice des droits suivants aupr\u00e8s de <strong>MERY PRODUCTS, S. L.<\/strong> en pr\u00e9sentant un \u00e9crit \u00e0 l\u2019adresse postale figurant en en-t\u00eate ou en envoyant un courrier \u00e9lectronique \u00e0 mery@mery.es, en indiquant comme Objet : \u201cLOPD, EXERCICE DROITS\u201d, et en joignant une photocopie de votre carte nationale d\u2019identit\u00e9 ou de tout autre moyen analogue en droit, tel que stipul\u00e9 l\u00e9galement.<\/p>\n<p><strong>Droits :<\/strong><\/p>\n<ul>\n<li><strong>Droit d\u2019acc\u00e8s :<\/strong>\u00a0ce droit permet \u00e0 la personne concern\u00e9e de conna\u00eetre et d\u2019obtenir des informations sur ses donn\u00e9es \u00e0 caract\u00e8re personnel soumises au traitement.<\/li>\n<li><strong>Droit de rectification ou suppression :<\/strong>\u00a0ce droit permet de corriger des erreurs et de modifier les donn\u00e9es pouvant \u00eatre incorrectes ou incompl\u00e8tes.<\/li>\n<li><strong>Droit d\u2019annulation :<\/strong>\u00a0ce droit permet de supprimer les donn\u00e9es pouvant \u00eatre inappropri\u00e9es ou excessives.<\/li>\n<li><strong>Droit d\u2019opposition :<\/strong>\u00a0ce droit permet \u00e0 la personne concern\u00e9e de ne pas soumettre ses donn\u00e9es \u00e0 caract\u00e8re personnel au traitement ou de faire cesser ce dernier.<\/li>\n<li><strong>Limitation du traitement :<\/strong>\u00a0ce droit implique le marquage des donn\u00e9es personnelles conserv\u00e9es, afin de limiter leur traitement \u00e0 l\u2019avenir.<\/li>\n<li><strong>Portabilit\u00e9 des donn\u00e9es :<\/strong>\u00a0fourniture des donn\u00e9es faisant l\u2019objet du traitement \u00e0 la personne concern\u00e9e, afin que cette derni\u00e8re puisse les transmettre \u00e0 un autre responsable, sans aucun emp\u00eachement.<\/li>\n<li><strong>Droit \u00e0 ne pas faire l\u2019objet de d\u00e9cisions individuelles automatis\u00e9es (y compris l\u2019\u00e9laboration de profils) :<\/strong>\u00a0ce droit permet \u00e0 l\u2019Utilisateur de ne pas faire l\u2019objet d\u2019une d\u00e9cision bas\u00e9e sur le traitement automatis\u00e9 pouvant produire des effets importants ou porter tort d\u2019une mani\u00e8re significative.<\/li>\n<\/ul>\n<p>En tant qu\u2019Utilisateur, vous avez le droit de retirer \u00e0 tout moment le consentement que vous avez donn\u00e9. Le retrait du consentement ne met pas en danger la conformit\u00e9 l\u00e9gale du traitement effectu\u00e9 avant le retrait dudit consentement.<\/p>\n<p>Vous avez \u00e9galement le droit de pr\u00e9senter une r\u00e9clamation aupr\u00e8s des autorit\u00e9s de contr\u00f4le si vous consid\u00e9rez que vos droits concernant la protection de vos donn\u00e9es ont pu \u00eatre viol\u00e9s (agpd.es).<\/p>\n<p><strong>INFORMATION SUPPL\u00c9MENTAIRES<\/strong><\/p>\n<p><strong>INFORMATIONS QUE NOUS COLLECTONS :<\/strong><\/p>\n<p>Les donn\u00e9es collect\u00e9es par le responsable sont les suivantes :<\/p>\n<p>\u2013 Celles que les utilisateurs auront fournies par le biais des diff\u00e9rents services offerts sur le site web<\/p>\n<p>\u2013 Celles figurant sur les diff\u00e9rents formulaires pr\u00e9vus sur le site web<\/p>\n<p>\u2013 Donn\u00e9es collect\u00e9es \u00e0 travers les \u201ccookies\u201d en vue de l\u2019am\u00e9lioration de l\u2019exp\u00e9rience de la navigation comme il est expliqu\u00e9 dans la politique de cookies.<\/p>\n<p>Le refus de fournir les donn\u00e9es obligatoires aura comme cons\u00e9quence l\u2019impossibilit\u00e9 de r\u00e9pondre \u00e0 la demande concr\u00e8te dont il s\u2019agit. Vous d\u00e9clarez que les informations et les donn\u00e9es que vous nous fournissez sont correctes, actuelles et v\u00e9ridiques. Nous vous prions, en cas de modification, de bien vouloir le notifier imm\u00e9diatement en sorte que les informations soumises au traitement soient \u00e0 tout moment mises \u00e0 jour et ne renferment aucune erreur.<\/p>\n<p>Si vous souscrivez le service ou achetez le produit en utilisant notre site web [LSSI_Web], nous vous demanderons de nous fournir vos coordonn\u00e9es, telles que votre nom et vos donn\u00e9es de contact ainsi que des informations sur une carte de cr\u00e9dit ou de d\u00e9bit.<\/p>\n<p>Par l\u2019interm\u00e9diaire de cette Politique de confidentialit\u00e9, nous vous informons que <strong>MERY PRODUCTS, S. L.<\/strong>\u00a0est propri\u00e9taire des photographies qui apparaissent sur le web, y compris celles des mineurs, pour lesquelles il a fallu obtenir au pr\u00e9alable le consentement de leurs parents, tuteurs ou repr\u00e9sentants l\u00e9gaux moyennant la signature des formulaires pr\u00e9vus \u00e0 cet effet par les centres dont font partie les mineurs. Cependant, les parents, tuteurs ou repr\u00e9sentants des mineurs, en tant que titulaires de l\u2019exercice des droits de ceux-ci, et toujours sur demande formelle pr\u00e9alable par \u00e9crit, peuvent signaler leur refus de l\u2019utilisation de l\u2019image du mineur en question\u00a0; dans ce cas, l\u2019image sera flout\u00e9e.<\/p>\n<p><strong>R\u00c9SEAUX SOCIAUX<\/strong><\/p>\n<p>Nous vous faisons savoir que <strong>MERY PRODUCTS, S. L.<\/strong> peut \u00eatre pr\u00e9sente sur les r\u00e9seaux sociaux. Le traitement des donn\u00e9es qui est r\u00e9alis\u00e9 des personnes qui sont adeptes des r\u00e9seaux sociaux (et\/ou r\u00e9alisent un quelconque lien ou action de connexion \u00e0 travers les r\u00e9seaux sociaux) des pages officielles de <strong>MERY PRODUCTS, S. L.<\/strong>\u00a0sera r\u00e9gi par les dispositions \u00e9tablies dans ce paragraphe, ainsi que par les conditions d\u2019utilisation, les politiques de confidentialit\u00e9 et les r\u00e9glementations d\u2019acc\u00e8s appartenant au r\u00e9seau social qui conviendra dans chaque cas et accept\u00e9es au pr\u00e9alable par l\u2019Utilisateur.<\/p>\n<p><strong>MERY PRODUCTS, S. L.<\/strong> traitera vos donn\u00e9es afin de pouvoir g\u00e9rer correctement votre pr\u00e9sence sur le r\u00e9seau social, en vous informant des activit\u00e9s, des produits ou des services du Prestataire, ainsi qu\u2019\u00e0 toute autre fin permise par les r\u00e9glementations des R\u00e9seaux sociaux.<\/p>\n<p>La publication des contenus suivants est formellement interdite :<\/p>\n<p>\u2013 Ceux qui sont suppos\u00e9ment illicites par la r\u00e9glementation nationale, communautaire ou internationale ou qui r\u00e9alisent des activit\u00e9s pr\u00e9tendues ill\u00e9gales ou enfreignent les principes de la bonne foi.<\/p>\n<p>\u2013 Ceux qui portent atteinte aux droits fondamentaux des personnes, manquent \u00e0 la courtoisie sur le r\u00e9seau, g\u00eanent ou peuvent engendrer des opinions n\u00e9gatives chez nos utilisateurs ou des tiers et, en g\u00e9n\u00e9ral, tous les contenus que <strong>MERY PRODUCTS, S. L.<\/strong>\u00a0jugera inappropri\u00e9s.<\/p>\n<p>\u2013 Et, en g\u00e9n\u00e9ral, ceux qui enfreignent les principes de l\u00e9galit\u00e9, honn\u00eatet\u00e9, responsabilit\u00e9, protection de la dignit\u00e9 humaine, protection des mineurs, protection de l\u2019ordre public, protection de la vie priv\u00e9e, protection du consommateur et droits de propri\u00e9t\u00e9 intellectuelle et industrielle.<\/p>\n<p>De m\u00eame, MERY PRODUCTS, S. L. se r\u00e9serve le droit, sans pr\u00e9avis, de retirer du site web ou du r\u00e9seau social de l\u2019entreprise tous les contenus qu\u2019elle jugera inappropri\u00e9s.<\/p>\n<p>Les communications remises par le biais des r\u00e9seaux sociaux seront incorpor\u00e9es \u00e0 un fichier appartenant \u00e0 MERY PRODUCTS, S. L., qui pourra vous envoyer des informations dignes de votre int\u00e9r\u00eat.<\/p>\n<p>Vous pouvez obtenir davantage de renseignements, ainsi que consulter les entreprises qui font partie de <strong>MERY PRODUCTS, S. L.<\/strong>, en utilisant le lien suivant : www.empresa.com\/politicadeprivacidad.<\/p>\n<p>En tout \u00e9tat de cause, si vous remettez des informations personnelles \u00e0 travers le r\u00e9seau social, MERY PRODUCTS, S. L. d\u00e9clinera toute responsabilit\u00e9 concernant les mesures de s\u00e9curit\u00e9 applicables \u00e0 la pr\u00e9sente plateforme, l\u2019Utilisateur devant, s\u2019il veut les conna\u00eetre, consulter les conditions particuli\u00e8res correspondantes du r\u00e9seau en question.<\/p>\n<p><strong>MESURES DE S\u00c9CURIT\u00c9 :<\/strong><\/p>\n<p>Les donn\u00e9es que vous nous fournissez seront trait\u00e9es de mani\u00e8re confidentielle. Le Prestataire a adopt\u00e9 toutes les mesures techniques et organisationnelles et tous les niveaux de protection n\u00e9cessaires pour garantir la s\u00e9curit\u00e9 dans le traitement des donn\u00e9es et \u00e9viter leur alt\u00e9ration, perte, vol, traitement ou acc\u00e8s non autoris\u00e9, conform\u00e9ment \u00e0 l\u2019\u00e9tat de la technologie et \u00e0 la nature des donn\u00e9es stock\u00e9es. De m\u00eame, il est \u00e9galement garanti que le traitement et l\u2019enregistrement sur des fichiers, programmes, syst\u00e8mes ou \u00e9quipements, locaux et centres respectent les exigences et les conditions d\u2019int\u00e9grit\u00e9 et de s\u00e9curit\u00e9 \u00e9tablies dans la r\u00e9glementation en vigueur.<\/p>\n<p><strong>LANGUE<\/strong><\/p>\n<p>La langue applicable \u00e0 cette Politique de confidentialit\u00e9 est l\u2019espagnol. Par cons\u00e9quent, au cas o\u00f9 il y aurait une quelconque contradiction dans l\u2019une ou l\u2019autre des versions fournies dans d\u2019autres langues, la version en espagnol pr\u00e9vaudra.<\/p>\n<p><strong>ENVOI CV<\/strong><\/p>\n<p>Si l\u2019Utilisateur envoie son CV \u00e0 travers notre web, nous lui faisons savoir que les donn\u00e9es fournies seront trait\u00e9es pour lui permettre de participer aux processus de s\u00e9lection pouvant se produire, gr\u00e2ce \u00e0 l\u2019\u00e9laboration d\u2019une analyse du profil du demandeur afin de s\u00e9lectionner le meilleur candidat pour occuper le poste vacant du Responsable. Nous vous informons qu\u2019il s\u2019agit de la seule proc\u00e9dure officielle pour accepter votre curriculum, de telle sorte que les curriculums remis par toute proc\u00e9dure autre que celle-ci ne seront pas accept\u00e9s. S\u2019il se produit une quelconque modification dans les donn\u00e9es, nous vous prions de bien vouloir nous le notifier par \u00e9crit dans les plus brefs d\u00e9lais, afin d\u2019avoir toujours vos donn\u00e9es d\u00fbment mises \u00e0 jour.<\/p>\n<p>Les donn\u00e9es seront conserv\u00e9es pendant un d\u00e9lai maximum d\u2019un an\u00a0; lorsque ce d\u00e9lai se sera \u00e9coul\u00e9, nous proc\u00e9derons \u00e0 la suppression des donn\u00e9es en vous garantissant un respect total \u00e0 la confidentialit\u00e9 tant dans le traitement que dans leur destruction ult\u00e9rieure. En ce sens, une fois le d\u00e9lai pr\u00e9cit\u00e9 \u00e9coul\u00e9, et si vous d\u00e9sirez continuer \u00e0 prendre part aux processus de s\u00e9lection du Responsable, nous vous prions de nous remettre \u00e0 nouveau votre curriculum.<\/p>\n<p>Les donn\u00e9es pourront \u00eatre trait\u00e9es et\/ou communiqu\u00e9es aux entreprises int\u00e9grant notre groupe pendant la dur\u00e9e de conservation de votre curriculum et aux seules fins signal\u00e9es pr\u00e9c\u00e9demment.<\/p>\n<p><strong>SOUSCRIPTION AU BLOG<\/strong><\/p>\n<p>Si l\u2019Utilisateur souscrit au blog, nous l\u2019informons que les donn\u00e9es fournies seront trait\u00e9es afin de g\u00e9rer sa souscription au blog informatif avec avertissement de mise \u00e0 jour et qu\u2019elles seront conserv\u00e9es tant qu\u2019il y aura un int\u00e9r\u00eat mutuel de maintenir le but du traitement. Quand cela ne sera plus n\u00e9cessaire aux dites fins, les donn\u00e9es seront supprim\u00e9es en respectant les mesures de s\u00e9curit\u00e9 appropri\u00e9es afin de garantir la pseudonymisation des donn\u00e9es ou la destruction totale de celles-ci. Lesdites donn\u00e9es ne seront pas communiqu\u00e9es \u00e0 des tiers, sauf sur obligation l\u00e9gale.<\/p>\n<p><strong>PUBLICATION DE VOTRE T\u00c9MOIGNAGE<\/strong><\/p>\n<p>Si l\u2019Utilisateur souhaite publier son opinion sur le web, nous l\u2019informons que les donn\u00e9es transmises seront trait\u00e9es en vue de r\u00e9pondre aux suggestions propos\u00e9es, exp\u00e9riences ou opinions concernant les produits et\/ou services pour pouvoir les publier sur le site web et pouvoir de cette fa\u00e7on aider d\u2019autres utilisateurs. Les donn\u00e9es seront conserv\u00e9es tant qu\u2019il y aura un int\u00e9r\u00eat mutuel pour maintenir le but du traitement et, quand cela ne sera plus n\u00e9cessaire auxdites fins, elles seront supprim\u00e9es en respectant les mesures de s\u00e9curit\u00e9 appropri\u00e9es afin de garantir la pseudonymisation des donn\u00e9es ou la destruction totale de celles-ci. Les t\u00e9moins seront publi\u00e9s sur notre site web. La seule donn\u00e9e personnelle qui sera publi\u00e9e du t\u00e9moin sera son nom.<\/p>\n<p><strong>MODIFICATIONS DANS LA PR\u00c9SENTE POLITIQUE DE CONFIDENTIALIT\u00c9<\/strong><\/p>\n<p><strong>MERY PRODUCTS, S. L.<\/strong> se r\u00e9serve le droit de modifier la pr\u00e9sente politique pour l\u2019adapter aux nouveaut\u00e9s l\u00e9gislatives ou jurisprudentielles.<\/p>\n<p><strong>L\u00c9GISLATION<\/strong><\/p>\n<p>\u00c0 tous les effets, les relations entre <strong>MERY PRODUCTS, S. L.<\/strong>\u00a0et les Utilisateurs de ses services t\u00e9l\u00e9matiques, pr\u00e9sents sur ce site Web, sont soumises \u00e0 la l\u00e9gislation et juridiction espagnoles auxquelles les parties se soumettent express\u00e9ment, la r\u00e9solution de tous les conflits d\u00e9riv\u00e9s ou li\u00e9s \u00e0 l\u2019utilisation dudit Web relevant de la comp\u00e9tence des Tribunaux et Cours de justice de Barcelone.<\/p>\n","protected":false},"excerpt":{"rendered":"RESPONSABLE DU TRAITEMENT Identit\u00e9 : MERY PRODUCTS, S. L.\u00a0(d\u00e9nomm\u00e9 \u00e9galement le Prestataire) SIRET n\u00ba :\u00a0B08406654 Adresse postale :\u00a0Avda. Bertr\u00e1n i G\u00fcell, 41-51, 08850 Gav\u00e1, (Barcelone) Courrier \u00e9lectronique : mery@mery.es D\u00e9l\u00e9gu\u00e9 de Protection des donn\u00e9es :\u00a0Pablo Dom\u00ednguez Contact DPD : mery@mery.es MERY PRODUCTS, S. L., en tant que responsable du Site web, conform\u00e9ment aux dispositions du&#8230; ","protected":false},"author":1,"featured_media":0,"parent":0,"menu_order":0,"comment_status":"closed","ping_status":"closed","template":"","meta":{"_exactmetrics_skip_tracking":false,"_exactmetrics_sitenote_active":false,"_exactmetrics_sitenote_note":"","_exactmetrics_sitenote_category":0},"_links":{"self":[{"href":"https:\/\/mery.es\/fr\/wp-json\/wp\/v2\/pages\/553"}],"collection":[{"href":"https:\/\/mery.es\/fr\/wp-json\/wp\/v2\/pages"}],"about":[{"href":"https:\/\/mery.es\/fr\/wp-json\/wp\/v2\/types\/page"}],"author":[{"embeddable":true,"href":"https:\/\/mery.es\/fr\/wp-json\/wp\/v2\/users\/1"}],"replies":[{"embeddable":true,"href":"https:\/\/mery.es\/fr\/wp-json\/wp\/v2\/comments?post=553"}],"version-history":[{"count":3,"href":"https:\/\/mery.es\/fr\/wp-json\/wp\/v2\/pages\/553\/revisions"}],"predecessor-version":[{"id":992,"href":"https:\/\/mery.es\/fr\/wp-json\/wp\/v2\/pages\/553\/revisions\/992"}],"wp:attachment":[{"href":"https:\/\/mery.es\/fr\/wp-json\/wp\/v2\/media?parent=553"}],"curies":[{"name":"wp","href":"https:\/\/api.w.org\/{rel}","templated":true}]}}